{"id":93,"date":"2011-03-25T10:56:19","date_gmt":"2011-03-25T10:56:19","guid":{"rendered":"http:\/\/www.larv.se\/?page_id=93"},"modified":"2015-08-02T09:38:11","modified_gmt":"2015-08-02T09:38:11","slug":"finnestorp-offerplats","status":"publish","type":"page","link":"http:\/\/larv.se\/?page_id=93","title":{"rendered":"Finnestorp offerplats"},"content":{"rendered":"<p><img loading=\"lazy\" class=\"size-full wp-image-94 alignright\" src=\"http:\/\/www.larv.se\/wp-content\/uploads\/2011\/03\/offerplats_finnestorp.jpg\" alt=\"\" width=\"200\" height=\"245\" \/>1903 gjordes en fantastisk uppt\u00e4ckt d\u00e5 man genomf\u00f6rde den f\u00f6rsta arkeologiska utgr\u00e4vningen. Flertalet s\u00e4llsamma fynd har sedan dess gjorts och troligt \u00e4r att platsen \u00e4r en av Sveriges st\u00f6rsta krigsofferplatser fr\u00e5n Vendeltid d\u00e5 kungariken skapades med sv\u00e4rd och blev till sagor f\u00f6r efterlevande att ber\u00e4tta. F\u00f6rem\u00e5len \u00e4r av s\u00e5dan dignitet att de saknar motsvarighet i Europa.<br \/>\nL\u00e4mningarna pekar p\u00e5 ryttare och stridsh\u00e4star. F\u00f6rgyllda f\u00f6rem\u00e5l, som betsel och selltyg \u00e4r tillverkade av d\u00e5tidens skickligaste hantverkare l\u00e5ngt utanf\u00f6r Sveriges gr\u00e4nser. idag slumrar offerplatsen och ter sig som en vanlig hagmark.<\/p>\n<p>L\u00e4s mer p\u00e5<strong><a href=\"http:\/\/finnestorp.se\/\"> Finnestorps egen sida <\/a><\/strong><\/p>\n<p>&nbsp;<\/p>\n","protected":false},"excerpt":{"rendered":"<p>1903 gjordes en fantastisk uppt\u00e4ckt d\u00e5 man genomf\u00f6rde den f\u00f6rsta arkeologiska utgr\u00e4vningen. Flertalet s\u00e4llsamma fynd har sedan dess gjorts och troligt \u00e4r att platsen \u00e4r en av Sveriges st\u00f6rsta krigsofferplatser fr\u00e5n Vendeltid d\u00e5 kungariken skapades med sv\u00e4rd och blev till sagor f\u00f6r efterlevande att ber\u00e4tta. F\u00f6rem\u00e5len \u00e4r av s\u00e5dan dignitet att de saknar motsvarighet i [&hellip;]<\/p>\n","protected":false},"author":1,"featured_media":0,"parent":78,"menu_order":5,"comment_status":"open","ping_status":"open","template":"","meta":[],"_links":{"self":[{"href":"http:\/\/larv.se\/index.php?rest_route=\/wp\/v2\/pages\/93"}],"collection":[{"href":"http:\/\/larv.se\/index.php?rest_route=\/wp\/v2\/pages"}],"about":[{"href":"http:\/\/larv.se\/index.php?rest_route=\/wp\/v2\/types\/page"}],"author":[{"embeddable":true,"href":"http:\/\/larv.se\/index.php?rest_route=\/wp\/v2\/users\/1"}],"replies":[{"embeddable":true,"href":"http:\/\/larv.se\/index.php?rest_route=%2Fwp%2Fv2%2Fcomments&post=93"}],"version-history":[{"count":6,"href":"http:\/\/larv.se\/index.php?rest_route=\/wp\/v2\/pages\/93\/revisions"}],"predecessor-version":[{"id":97,"href":"http:\/\/larv.se\/index.php?rest_route=\/wp\/v2\/pages\/93\/revisions\/97"}],"up":[{"embeddable":true,"href":"http:\/\/larv.se\/index.php?rest_route=\/wp\/v2\/pages\/78"}],"wp:attachment":[{"href":"http:\/\/larv.se\/index.php?rest_route=%2Fwp%2Fv2%2Fmedia&parent=93"}],"curies":[{"name":"wp","href":"https:\/\/api.w.org\/{rel}","templated":true}]}}