{"id":84,"date":"2011-03-25T10:49:13","date_gmt":"2011-03-25T10:49:13","guid":{"rendered":"http:\/\/www.larv.se\/?page_id=84"},"modified":"2015-08-02T09:38:47","modified_gmt":"2015-08-02T09:38:47","slug":"hembygdsmuseum","status":"publish","type":"page","link":"http:\/\/larv.se\/?page_id=84","title":{"rendered":"Hembygdsmuseet"},"content":{"rendered":"<p style=\"text-align: left\">Samlingarna \u00e4r till st\u00f6rsta delen arrangerade i olika milj\u00f6er, d\u00e4r man kan se hur man levde och \u00e4ven vad man \u00e5t under 1800-talet. Ett stort bord st\u00e5r uppdukat med allehanda &#8221;julmat&#8221;. I ett annat rum \u00e4r det dukat till kafferep fr\u00e5n ca. \u00e5r 1900. P\u00e5 bordet finns bl.a en gammaldags &#8221;kalast\u00e5rta och m\u00e5nga sorters sm\u00e5kakor&#8221;. Dessutom finns m\u00e5nga andra intressanta saker att studera och f\u00e5 h\u00f6ra ber\u00e4ttas om.<\/p>\n<p>Skolmus\u00e9et \u00e4r uppbyggt som en gammaldags skolsal med allt vad d\u00e4rtill h\u00f6r av gamla skolm\u00f6bler, b\u00f6cker, planscher och undervisningsmateriel. H\u00e4r finns ocks\u00e5 ett stort antal gamla skolkort, kompletta med namnuppgifter fr\u00e5n de fyra skolor som funnits i Larv. H\u00e4r kan man sitta ner i de gamla skolb\u00e4nkarna och t\u00e4nka tillbaka p\u00e5 sin egen skoltid. Vi anordnar \u00e4ven &#8221;gammaldags skoldagar&#8221; d\u00e5 skolbarn, l\u00e4mpligen fr\u00e5n \u00e5rskurserna 2 och 3 kan f\u00e5 pr\u00f6va p\u00e5 att f\u00f6lja gamla ordningsregler, skriva med griffel samt med st\u00e5lpenna och bl\u00e4ck, huvudr\u00e4kning med r\u00e4knestavar och l\u00e4sning ur gamla l\u00e4seb\u00f6cker med mera.<\/p>\n<p><strong>Intr\u00e4de med guidning 20 kr.<\/strong><\/p>\n<p>Kontakt Marianne Svensson, tel 0512-420 43<br \/>\nVisning enligt \u00f6verenskommelse<\/p>\n<p><img loading=\"lazy\" class=\"size-full wp-image-80 alignnone\" src=\"http:\/\/www.larv.se\/wp-content\/uploads\/2011\/03\/hembygs.png\" alt=\"\" width=\"496\" height=\"146\" srcset=\"http:\/\/larv.se\/wp-content\/uploads\/2011\/03\/hembygs.png 620w, http:\/\/larv.se\/wp-content\/uploads\/2011\/03\/hembygs-300x88.png 300w\" sizes=\"(max-width: 496px) 100vw, 496px\" \/><\/p>\n","protected":false},"excerpt":{"rendered":"<p>Samlingarna \u00e4r till st\u00f6rsta delen arrangerade i olika milj\u00f6er, d\u00e4r man kan se hur man levde och \u00e4ven vad man \u00e5t under 1800-talet. Ett stort bord st\u00e5r uppdukat med allehanda &#8221;julmat&#8221;. I ett annat rum \u00e4r det dukat till kafferep fr\u00e5n ca. \u00e5r 1900. P\u00e5 bordet finns bl.a en gammaldags &#8221;kalast\u00e5rta och m\u00e5nga sorters sm\u00e5kakor&#8221;. [&hellip;]<\/p>\n","protected":false},"author":1,"featured_media":0,"parent":78,"menu_order":2,"comment_status":"open","ping_status":"open","template":"","meta":[],"_links":{"self":[{"href":"http:\/\/larv.se\/index.php?rest_route=\/wp\/v2\/pages\/84"}],"collection":[{"href":"http:\/\/larv.se\/index.php?rest_route=\/wp\/v2\/pages"}],"about":[{"href":"http:\/\/larv.se\/index.php?rest_route=\/wp\/v2\/types\/page"}],"author":[{"embeddable":true,"href":"http:\/\/larv.se\/index.php?rest_route=\/wp\/v2\/users\/1"}],"replies":[{"embeddable":true,"href":"http:\/\/larv.se\/index.php?rest_route=%2Fwp%2Fv2%2Fcomments&post=84"}],"version-history":[{"count":8,"href":"http:\/\/larv.se\/index.php?rest_route=\/wp\/v2\/pages\/84\/revisions"}],"predecessor-version":[{"id":1159,"href":"http:\/\/larv.se\/index.php?rest_route=\/wp\/v2\/pages\/84\/revisions\/1159"}],"up":[{"embeddable":true,"href":"http:\/\/larv.se\/index.php?rest_route=\/wp\/v2\/pages\/78"}],"wp:attachment":[{"href":"http:\/\/larv.se\/index.php?rest_route=%2Fwp%2Fv2%2Fmedia&parent=84"}],"curies":[{"name":"wp","href":"https:\/\/api.w.org\/{rel}","templated":true}]}}