{"id":78,"date":"2011-03-25T10:43:46","date_gmt":"2011-03-25T10:43:46","guid":{"rendered":"http:\/\/www.larv.se\/?page_id=78"},"modified":"2011-04-15T12:33:53","modified_gmt":"2011-04-15T12:33:53","slug":"historia","status":"publish","type":"page","link":"http:\/\/larv.se\/?page_id=78","title":{"rendered":"Historia"},"content":{"rendered":"<h2>Kulturbygden Larv<\/h2>\n<p>I denna gamla kulturbygd, mellan sl\u00e4tt och skog, flyter \u00e5arna Lidan och Afs\u00e5n. Att Larv varit en betydelsefull plats i v\u00e5r forna historia vittnar alla l\u00e4mningar och fynd om. H\u00e4r \u00e5terfinns s\u00e5v\u00e4l stora gravh\u00f6gar som Larva B\u00e4sing, runstenar och slagf\u00e4lt med otroliga fynd. Den gamla riksledens str\u00e4ckning vid passagen \u00f6ver Lidan, Bj\u00f6rnabro vid Lidafors, vittnar om att trafiken varit stor. P\u00e5 n\u00e4rliggande Sj\u00f6torps S\u00e4teri fanns n\u00e4mligen ett br\u00e4nneri. G\u00e4stgiveriet vid bron har ocks\u00e5 sin historia att \u00e5terge. Lidafors Pensionat \u00e4r idag fortfarande i bruk. Naturreservaten Ranahult och Finnamosse \u00e4r under h\u00f6starna rastplats f\u00f6r flertalet \u00e5terv\u00e4ndande tranor. H\u00e4r har funnits rikligt med villebr\u00e5d och p\u00e5 Stenseke kan man se den ovanliga arkitekturen p\u00e5 det kronj\u00e4garst\u00e4lle Oscar II anv\u00e4nde vid sina kungliga jakter i V\u00e4sterg\u00f6tland \u00e5r 1896 och 1898. Interi\u00f6ren finns dock i museif\u00f6rvar.<\/p>\n","protected":false},"excerpt":{"rendered":"<p>Kulturbygden Larv I denna gamla kulturbygd, mellan sl\u00e4tt och skog, flyter \u00e5arna Lidan och Afs\u00e5n. Att Larv varit en betydelsefull plats i v\u00e5r forna historia vittnar alla l\u00e4mningar och fynd om. H\u00e4r \u00e5terfinns s\u00e5v\u00e4l stora gravh\u00f6gar som Larva B\u00e4sing, runstenar och slagf\u00e4lt med otroliga fynd. Den gamla riksledens str\u00e4ckning vid passagen \u00f6ver Lidan, Bj\u00f6rnabro vid [&hellip;]<\/p>\n","protected":false},"author":1,"featured_media":0,"parent":0,"menu_order":0,"comment_status":"open","ping_status":"open","template":"","meta":[],"_links":{"self":[{"href":"http:\/\/larv.se\/index.php?rest_route=\/wp\/v2\/pages\/78"}],"collection":[{"href":"http:\/\/larv.se\/index.php?rest_route=\/wp\/v2\/pages"}],"about":[{"href":"http:\/\/larv.se\/index.php?rest_route=\/wp\/v2\/types\/page"}],"author":[{"embeddable":true,"href":"http:\/\/larv.se\/index.php?rest_route=\/wp\/v2\/users\/1"}],"replies":[{"embeddable":true,"href":"http:\/\/larv.se\/index.php?rest_route=%2Fwp%2Fv2%2Fcomments&post=78"}],"version-history":[{"count":7,"href":"http:\/\/larv.se\/index.php?rest_route=\/wp\/v2\/pages\/78\/revisions"}],"predecessor-version":[{"id":232,"href":"http:\/\/larv.se\/index.php?rest_route=\/wp\/v2\/pages\/78\/revisions\/232"}],"wp:attachment":[{"href":"http:\/\/larv.se\/index.php?rest_route=%2Fwp%2Fv2%2Fmedia&parent=78"}],"curies":[{"name":"wp","href":"https:\/\/api.w.org\/{rel}","templated":true}]}}