{"id":541,"date":"2012-12-01T19:46:44","date_gmt":"2012-12-01T19:46:44","guid":{"rendered":"http:\/\/larv.se\/?page_id=541"},"modified":"2015-08-02T09:45:35","modified_gmt":"2015-08-02T09:45:35","slug":"bildarkiv","status":"publish","type":"page","link":"http:\/\/larv.se\/?page_id=541","title":{"rendered":"Bildarkiv"},"content":{"rendered":"<p><a href=\"http:\/\/larv.se\/wp-content\/uploads\/2011\/03\/Old-Camera.jpg\"><img loading=\"lazy\" class=\"alignnone  wp-image-491\" src=\"http:\/\/larv.se\/wp-content\/uploads\/2011\/03\/Old-Camera-259x300.jpg\" alt=\"\" width=\"155\" height=\"180\" srcset=\"http:\/\/larv.se\/wp-content\/uploads\/2011\/03\/Old-Camera-259x300.jpg 259w, http:\/\/larv.se\/wp-content\/uploads\/2011\/03\/Old-Camera.jpg 519w\" sizes=\"(max-width: 155px) 100vw, 155px\" \/><\/a><\/p>\n<p><a href=\"http:\/\/larv.se\/wp-content\/uploads\/2013\/01\/gray_line_500x2.jpg\"><img loading=\"lazy\" class=\"alignnone size-medium wp-image-579\" src=\"http:\/\/larv.se\/wp-content\/uploads\/2013\/01\/gray_line_500x2-300x1.jpg\" alt=\"\" width=\"300\" height=\"1\" srcset=\"http:\/\/larv.se\/wp-content\/uploads\/2013\/01\/gray_line_500x2-300x1.jpg 300w, http:\/\/larv.se\/wp-content\/uploads\/2013\/01\/gray_line_500x2-150x2.jpg 150w, http:\/\/larv.se\/wp-content\/uploads\/2013\/01\/gray_line_500x2.jpg 500w\" sizes=\"(max-width: 300px) 100vw, 300px\" \/><\/a><\/p>\n<p>Bilder fr\u00e5n hantverksm\u00e4ssa:<\/p>\n<p><a href=\"http:\/\/larv.se\/wp-content\/uploads\/2014\/10\/DSCN28151.jpg\"><img loading=\"lazy\" src=\"http:\/\/larv.se\/wp-content\/uploads\/2014\/10\/DSCN28151-e1413221661578-225x300.jpg\" alt=\"\" width=\"225\" height=\"300\" \/><\/a><a href=\"http:\/\/larv.se\/wp-content\/uploads\/2014\/10\/DSCN28102.jpg\"><img loading=\"lazy\" src=\"http:\/\/larv.se\/wp-content\/uploads\/2014\/10\/DSCN28102-300x225.jpg\" alt=\"\" width=\"300\" height=\"242\" \/><br \/>\n<\/a><\/p>\n<div>\n<div>\n<dl>\n<dt><a href=\"http:\/\/larv.se\/wp-content\/uploads\/2014\/10\/DSCN28132.jpg\"><img loading=\"lazy\" src=\"http:\/\/larv.se\/wp-content\/uploads\/2014\/10\/DSCN28132-300x225.jpg\" alt=\"\" width=\"300\" height=\"225\" \/><\/a><\/dt>\n<dd>Svea\u00b4s Sl\u00f6jd &#8211; Svea Hagert<\/dd>\n<\/dl>\n<\/div>\n<dl>\n<dt><\/dt>\n<\/dl>\n<\/div>\n<p>&nbsp;<\/p>\n<div>\n<dl>\n<dt><a href=\"http:\/\/larv.se\/wp-content\/uploads\/2014\/10\/DSCN28082.jpg\"><img loading=\"lazy\" src=\"http:\/\/larv.se\/wp-content\/uploads\/2014\/10\/DSCN28082-300x225.jpg\" alt=\"\" width=\"300\" height=\"225\" \/><\/a><\/dt>\n<dt><\/dt>\n<\/dl>\n<\/div>\n<p><a href=\"http:\/\/larv.se\/wp-content\/uploads\/2013\/01\/gray_line_500x2.jpg\"><img loading=\"lazy\" src=\"http:\/\/larv.se\/wp-content\/uploads\/2013\/01\/gray_line_500x2-300x1.jpg\" alt=\"\" width=\"300\" height=\"1\" \/><\/a><\/p>\n<p>Klicka p\u00e5 f\u00f6ljande l\u00e4nkar f\u00f6r att komma till respektive album<\/p>\n<p><span style=\"text-decoration: underline\"><span style=\"color: #000080\"><a href=\"http:\/\/larv.se\/?page_id=457\"><span style=\"color: #000080;text-decoration: underline\">Bilder fr\u00e5n Hantverksm\u00e4ssan i Larfs Pub 2012-11-17<\/span><\/a><\/span><\/span><\/p>\n<p>&nbsp;<\/p>\n","protected":false},"excerpt":{"rendered":"<p>Bilder fr\u00e5n hantverksm\u00e4ssa: Svea\u00b4s Sl\u00f6jd &#8211; Svea Hagert &nbsp; Klicka p\u00e5 f\u00f6ljande l\u00e4nkar f\u00f6r att komma till respektive album Bilder fr\u00e5n Hantverksm\u00e4ssan i Larfs Pub 2012-11-17 &nbsp;<\/p>\n","protected":false},"author":5,"featured_media":0,"parent":78,"menu_order":6,"comment_status":"closed","ping_status":"closed","template":"","meta":[],"_links":{"self":[{"href":"http:\/\/larv.se\/index.php?rest_route=\/wp\/v2\/pages\/541"}],"collection":[{"href":"http:\/\/larv.se\/index.php?rest_route=\/wp\/v2\/pages"}],"about":[{"href":"http:\/\/larv.se\/index.php?rest_route=\/wp\/v2\/types\/page"}],"author":[{"embeddable":true,"href":"http:\/\/larv.se\/index.php?rest_route=\/wp\/v2\/users\/5"}],"replies":[{"embeddable":true,"href":"http:\/\/larv.se\/index.php?rest_route=%2Fwp%2Fv2%2Fcomments&post=541"}],"version-history":[{"count":12,"href":"http:\/\/larv.se\/index.php?rest_route=\/wp\/v2\/pages\/541\/revisions"}],"predecessor-version":[{"id":1165,"href":"http:\/\/larv.se\/index.php?rest_route=\/wp\/v2\/pages\/541\/revisions\/1165"}],"up":[{"embeddable":true,"href":"http:\/\/larv.se\/index.php?rest_route=\/wp\/v2\/pages\/78"}],"wp:attachment":[{"href":"http:\/\/larv.se\/index.php?rest_route=%2Fwp%2Fv2%2Fmedia&parent=541"}],"curies":[{"name":"wp","href":"https:\/\/api.w.org\/{rel}","templated":true}]}}