{"id":4,"date":"2011-03-23T07:46:01","date_gmt":"2011-03-23T07:46:01","guid":{"rendered":"http:\/\/www.larv.se\/?page_id=4"},"modified":"2019-04-07T19:53:55","modified_gmt":"2019-04-07T17:53:55","slug":"hem","status":"publish","type":"page","link":"http:\/\/larv.se\/","title":{"rendered":"V\u00e4lkommen till Larv"},"content":{"rendered":"<p>&nbsp;<\/p>\n<p><img loading=\"lazy\" class=\"size-full wp-image-1183 alignleft\" src=\"http:\/\/larv.se\/wp-content\/uploads\/2011\/03\/Larv_loggo.png\" alt=\"Larv_loggo\" width=\"160\" height=\"155\" \/><\/p>\n<p><strong>T<\/strong>rakten kring Larv \u00e4r en gammal kulturbygd i gr\u00e4nslandet mellan sl\u00e4tt och skog. H\u00e4r \u00f6verg\u00e5r den \u00f6ppna b\u00f6rdiga sl\u00e4tten med sina b\u00f6ljande \u00e5krar i ett skogslandskap. Slingrande\u00a0\u00e5ar med sina dalg\u00e5ngar och l\u00f6vskog ger en tilltalande och omv\u00e4xlande bygd.<\/p>\n<p><strong>M<\/strong>\u00e4nniskorna som bor och verkar i Larv tror p\u00e5 sin bygd och dess framtid. Milj\u00f6n \u00e4r lugn och trivsam. H\u00e4r finns livskvalit\u00e9 f\u00f6r yngre och \u00e4ldre, goda m\u00f6jligheter till ett bra boende och ett rikt f\u00f6renings- och kulturliv som engagerar och f\u00f6renar inv\u00e5narna.<\/p>\n<p><strong>G<\/strong>ravh\u00f6gar, domarringar, bautastenar, runsten, forn\u00e5krar, \u00e4ngs- och hagmarker vittnar om att vi \u00e4r i en bygd som pr\u00e4glats av m\u00e4nniskor sedan \u00e5rtusende.<\/p>\n<p><strong>D<\/strong>et var h\u00e4r i Larv som\u00a0v\u00e4stg\u00f6taupproret mot Gustaf\u00a0Wasa\u00a0\u00e4gde rum\u00a0\u00e5r 1529. H\u00e4r m\u00f6ttes f\u00f6rr m\u00e5nga v\u00e4gar bl.a. fr\u00e5n Sjuh\u00e4radsbygden och Falbygden.<\/p>\n<p><strong><a title=\"Klicka p\u00e5 bilden f\u00f6r att \u00f6ppna broschyren\" href=\"http:\/\/larv.se\/wp-content\/uploads\/2016\/05\/Larvbroschyr-2016.pdf\"><img loading=\"lazy\" class=\"alignright wp-image-829\" src=\"http:\/\/larv.se\/wp-content\/uploads\/2014\/11\/Bild-Larv-folder-275x243-150x150.png\" alt=\"\" width=\"115\" height=\"115\" \/><\/a>D<\/strong>en gamla leden mellan L\u00f6d\u00f6se vid G\u00f6ta \u00e4lv och biskopsstaden Skara passerade ocks\u00e5 genom Larv.<\/p>\n<p>Klicka p\u00e5 bilden till h\u00f6ger\u00a0f\u00f6r mer fakta om Larv bygden i broschyren <span style=\"color: #000080\"><strong><span style=\"color: #000080\"><a title=\"Klicka h\u00e4r f\u00f6r att \u00f6ppna broschyren\" href=\"http:\/\/larv.se\/wp-content\/uploads\/2016\/05\/Larvbroschyr-2016.pdf\">&#8221;LARV &#8211; kulturbygd mellan sl\u00e4tt och skog&#8221;<\/a>\u00a0.<\/span><\/strong><\/span><\/p>\n<p><em>For information in english about the area around and the community Larv please<strong> <span style=\"text-decoration: underline\"><a href=\"http:\/\/larv.se\/wp-content\/uploads\/2016\/10\/Larv-broschyr-2016-english.pdf\">click here<\/a><\/span><\/strong>.<\/em><\/p>\n<p><a href=\"..\/wp-content\/uploads\/2011\/05\/Larvs-Kyrka-3-e1308471077693.jpg\"><img loading=\"lazy\" class=\"alignnone\" style=\"margin: 1px;border: 3px grey\" src=\"..\/wp-content\/uploads\/2011\/05\/Larvs-Kyrka-3-300x225.jpg\" alt=\"Larvs kyrka\" width=\"154\" height=\"116\" \/><\/a>\u00a0<span style=\"text-align: center\">\u00a0\u00a0<\/span><a href=\"http:\/\/larv.se\/?attachment_id=172\" rel=\"attachment wp-att-172\"><img loading=\"lazy\" class=\" wp-image-172 alignnone\" style=\"margin: 1px;border: 3px grey\" src=\"http:\/\/larv.se\/wp-content\/uploads\/2011\/05\/Backsippa-289x300.jpg\" alt=\"\" width=\"112\" height=\"116\" \/><\/a>\u00a0 \u00a0<a href=\"http:\/\/larv.se\/wp-content\/uploads\/2011\/03\/skolsal400.jpg\"><img loading=\"lazy\" class=\"wp-image-155 alignnone\" style=\"margin: 1px;border: 3px grey\" src=\"http:\/\/larv.se\/wp-content\/uploads\/2011\/03\/skolsal400.jpg\" alt=\"\" width=\"148\" height=\"116\" \/><\/a><\/p>\n<p><a href=\"http:\/\/www.easycounter.com\/se\/\"><img src=\"http:\/\/www.easycounter.com\/counter.php?helalarv\" alt=\"r\u00e4knare\" border=\"0\" \/><\/a><\/p>\n","protected":false},"excerpt":{"rendered":"<p>&nbsp; Trakten kring Larv \u00e4r en gammal kulturbygd i gr\u00e4nslandet mellan sl\u00e4tt och skog. H\u00e4r \u00f6verg\u00e5r den \u00f6ppna b\u00f6rdiga sl\u00e4tten med sina b\u00f6ljande \u00e5krar i ett skogslandskap. Slingrande\u00a0\u00e5ar med sina dalg\u00e5ngar och l\u00f6vskog ger en tilltalande och omv\u00e4xlande bygd. M\u00e4nniskorna som bor och verkar i Larv tror p\u00e5 sin bygd och dess framtid. Milj\u00f6n \u00e4r [&hellip;]<\/p>\n","protected":false},"author":1,"featured_media":0,"parent":0,"menu_order":0,"comment_status":"closed","ping_status":"closed","template":"","meta":[],"_links":{"self":[{"href":"http:\/\/larv.se\/index.php?rest_route=\/wp\/v2\/pages\/4"}],"collection":[{"href":"http:\/\/larv.se\/index.php?rest_route=\/wp\/v2\/pages"}],"about":[{"href":"http:\/\/larv.se\/index.php?rest_route=\/wp\/v2\/types\/page"}],"author":[{"embeddable":true,"href":"http:\/\/larv.se\/index.php?rest_route=\/wp\/v2\/users\/1"}],"replies":[{"embeddable":true,"href":"http:\/\/larv.se\/index.php?rest_route=%2Fwp%2Fv2%2Fcomments&post=4"}],"version-history":[{"count":597,"href":"http:\/\/larv.se\/index.php?rest_route=\/wp\/v2\/pages\/4\/revisions"}],"predecessor-version":[{"id":1764,"href":"http:\/\/larv.se\/index.php?rest_route=\/wp\/v2\/pages\/4\/revisions\/1764"}],"wp:attachment":[{"href":"http:\/\/larv.se\/index.php?rest_route=%2Fwp%2Fv2%2Fmedia&parent=4"}],"curies":[{"name":"wp","href":"https:\/\/api.w.org\/{rel}","templated":true}]}}