{"id":27,"date":"2011-03-23T08:21:46","date_gmt":"2011-03-23T08:21:46","guid":{"rendered":"http:\/\/www.larv.se\/?page_id=27"},"modified":"2011-11-30T10:38:03","modified_gmt":"2011-11-30T10:38:03","slug":"exempel-undersida","status":"publish","type":"page","link":"http:\/\/larv.se\/?page_id=27","title":{"rendered":"Natur"},"content":{"rendered":"<h2>Promenadled 5 km<\/h2>\n<p>Promenadled \u00e4r ca 5 km och b\u00f6rjar vid parkeringsplatsen nedanf\u00f6r kyrkan\/f\u00f6rsamlingshemmet.<br \/>\nH\u00e4r kan man bes\u00f6ka Larva B\u00e4sing &#8211; en av V\u00e4stra G\u00f6talands st\u00f6rsta gravh\u00f6gar. Afzelius grav &#8211; Prost, riksdagsman och lanthush\u00e5llare som fick s\u00f6ka sig en egen gravplats f\u00f6r enligt uppgift skulle han \u201cf\u00f6rtalt sig med kungen\u201d. Vidare kan man bes\u00f6ka Onsj\u00f6 Tingshus &#8211; fr\u00e5n medeltiden och fram till 1887 var h\u00e4r tings- och marknadsplats med g\u00e4stgiveri. Vid Larvs hed finns Runstenen &#8211; runstenen \u00e4r fr\u00e5n 1000-talet med ett kristet kors. \u201c\u00d6lver och \u00c5skatla reste denna sten efter Gunnar, Sigtryggs Son, en god ung man. Herrren Gud b\u00e4rge hans ande\u201d \u00e4r texten p\u00e5 stenen. Vid Infarten till idrottsplatsen Hedensborg finns en milsten fr\u00e5n 1707. Sm\u00e5kulla \u00e4r ett gravf\u00e4lt som omfattar 24 h\u00f6gar och en rest sten. Tillbaka till ursprungsplatsen promenerar man \u00f6ver en ny bro \u00f6ver \u00e5n. Vid v\u00e4gsk\u00e4let och parkeringsplatsen finns rester av en \u00e4ldre v\u00e4lvd bro.<\/p>\n<h2>Cykelleden 10 km<\/h2>\n<p>Cykelleden \u00e4r ca 10 km och startar nedanf\u00f6r kyrkan\/f\u00f6rsamlingshemmet. Turen g\u00e5r till Hubo S\u00e4teri &#8211; g\u00e5rdens historia \u00e4r v\u00e4l k\u00e4nd sedan 1500-talet. F\u00e4rden forts\u00e4tter \u00f6ver Larva\u00e5n med vacker natur i skyddad dalg\u00e5ng. Lockebacke med gravf\u00e4lt och domarring. Edum var tidigare en egen socken med kyrka fram till mitten av 1500-talet. Denna br\u00e4ndes troligen under det danska krigst\u00e5get 1566. Fram till storskiftet 1858 var Karlsberg en by med samlad bebyggelse. Fr\u00e5n Karlsberg fram till Larv finns forn\u00e5krar- tydligt ryggade \u00e5krar, nu i planterad granskog. Sannolikt fr\u00e5n medeltiden. Vidare kan man bes\u00f6ka Onsj\u00f6 Tingshus &#8211; fr\u00e5n medeltiden och fram till 1887 var h\u00e4r tings- och marknadsplats med g\u00e4stgiveri.Vid Larvs hed finns Runstenen &#8211; runstenen \u00e4r fr\u00e5n 1000-talet med ett kristet kors. \u201c\u00d6lver och \u00c5skatla reste denna sten efter Gunnar, Sigtryggs Son, en god ung man. Herrren Gud b\u00e4rge hans ande\u201d \u00e4r texten p\u00e5 stenen. Stenbacken &#8211; domarring, gravh\u00f6gar och en stor vacker h\u00e4ngbj\u00f6rk. Lutesten \u00e4r s\u00e4genomspunnen, omn\u00e4mns i en s\u00e4gen om Larva B\u00e4sing. Kan vara en gravsten.<\/p>\n<h2>Cykel- eller billed 40 km<\/h2>\n<p>Cykel- eller billed \u00e4r ca 40 km l\u00e5ng och tar sin b\u00f6rjan vid parkeringsplatsen nedanf\u00f6r kyrkan\/f\u00f6rsamlingshemmet.Vid Larvs hed finns Runstenen &#8211; runstenen \u00e4r fr\u00e5n 1000-talet med ett kristet kors. \u201c\u00d6lver och \u00c5skatla reste denna sten efter Gunnar, Sigtryggs Son, en god ung man. Herrren Gud b\u00e4rge hans ande\u201d \u00e4r texten p\u00e5 stenen. Vid Herrekvarn finns Lidans h\u00f6gsta fall &#8211; vacker milj\u00f6. Bj\u00f6rnabro \u00e4r n\u00e4mnd redan p\u00e5 1100-talet som en bro \u00f6ver Lidan.V\u00e4gen Skara-L\u00f6d\u00f6se passerade h\u00e4r. Nu finns en g\u00e5ngbro, som vilar p\u00e5 de gamla socklarna. Sj\u00f6torps s\u00e4teri \u00e4r ett gammalt s\u00e4teri som 1529 \u00e4gdes av v\u00e4pnaren och H\u00e4radsh\u00f6vdingen Matts Kafle, som delvis var lojal mot Gustav Vasa under V\u00e4stg\u00f6taupproret. Jordbruksmarken anv\u00e4nds idag f\u00f6r hjortuppf\u00f6dning. ValebergRyd \u00e4r en bygd som \u00e4r rik p\u00e5 naturtillg\u00e5ngar. Ett st\u00f6rre gravf\u00e4lt med en stor h\u00f6g(Stadskullen), 37 runda stens\u00e4ttningar, 7 domarringar, 5 resta stenar, kvadratisk stens\u00e4ttning och 4 treuddar. Sp\u00e5r av forn\u00e5krar syns p\u00e5 gravf\u00e4ltet.<\/p>\n<p>Turen forts\u00e4tter f\u00f6rbi Ekeberga &#8211; en vacker ekskog med forn\u00e5krar och gravh\u00f6gar. Valeberg-Ryds hembygdsg\u00e5rd \u00e4r en pietetsfullt bevarad rygg\u00e5sstuga med autentisk inredning. Edsveden-Edsm\u00e4ren t\u00e4cker en stor del av s\u00f6dra och syd\u00f6stra Larv. Edsveden \u00e4r en gammal allm\u00e4ning som \u00e4r n\u00e4mnd i V\u00e4stg\u00f6talagen fr\u00e5n 1200-talet. Stora Heden \u00e4r ett tidigare s\u00e4teri och bel\u00e4gen inom Edsveden. Stenseke \u00e4r ett hemman fr\u00e5n b\u00f6rjan av 1800-talet. D\u00e4r finns ett magasin i fornnordisk stil p\u00e5 g\u00e5rden som fungerade som kunglig jaktstuga f\u00f6r Oscar II och Gustav V. Finnamosse \u00e4r en mosse med karakteristisk och ursprunglig vegetation. \u00c4r dessutom en rastplats f\u00f6r flyttande tranor under h\u00f6sten. Naturreservat Ranahult med restaurerade gamla betes- och hagmarker, med bl.a. hamlade tr\u00e4d och s\u00e4llsynta v\u00e4xter. Vid Jultorp finns Bror Halldins Atelj\u00e9 Julg\u00e5rden och Jultorp Ranch med Westernridning. Vackert bel\u00e4gen mang\u00e5rdsbyggnad i Faleberg. Detta var tidigare ett ber\u00f6mt ardennerstuteri. Lockebacke med gravf\u00e4lt och domarring.<\/p>\n","protected":false},"excerpt":{"rendered":"<p>Promenadled 5 km Promenadled \u00e4r ca 5 km och b\u00f6rjar vid parkeringsplatsen nedanf\u00f6r kyrkan\/f\u00f6rsamlingshemmet. H\u00e4r kan man bes\u00f6ka Larva B\u00e4sing &#8211; en av V\u00e4stra G\u00f6talands st\u00f6rsta gravh\u00f6gar. Afzelius grav &#8211; Prost, riksdagsman och lanthush\u00e5llare som fick s\u00f6ka sig en egen gravplats f\u00f6r enligt uppgift skulle han \u201cf\u00f6rtalt sig med kungen\u201d. Vidare kan man bes\u00f6ka Onsj\u00f6 [&hellip;]<\/p>\n","protected":false},"author":1,"featured_media":0,"parent":2,"menu_order":0,"comment_status":"open","ping_status":"closed","template":"","meta":[],"_links":{"self":[{"href":"http:\/\/larv.se\/index.php?rest_route=\/wp\/v2\/pages\/27"}],"collection":[{"href":"http:\/\/larv.se\/index.php?rest_route=\/wp\/v2\/pages"}],"about":[{"href":"http:\/\/larv.se\/index.php?rest_route=\/wp\/v2\/types\/page"}],"author":[{"embeddable":true,"href":"http:\/\/larv.se\/index.php?rest_route=\/wp\/v2\/users\/1"}],"replies":[{"embeddable":true,"href":"http:\/\/larv.se\/index.php?rest_route=%2Fwp%2Fv2%2Fcomments&post=27"}],"version-history":[{"count":6,"href":"http:\/\/larv.se\/index.php?rest_route=\/wp\/v2\/pages\/27\/revisions"}],"predecessor-version":[{"id":226,"href":"http:\/\/larv.se\/index.php?rest_route=\/wp\/v2\/pages\/27\/revisions\/226"}],"up":[{"embeddable":true,"href":"http:\/\/larv.se\/index.php?rest_route=\/wp\/v2\/pages\/2"}],"wp:attachment":[{"href":"http:\/\/larv.se\/index.php?rest_route=%2Fwp%2Fv2%2Fmedia&parent=27"}],"curies":[{"name":"wp","href":"https:\/\/api.w.org\/{rel}","templated":true}]}}