{"id":204,"date":"2011-11-26T15:23:16","date_gmt":"2011-11-26T15:23:16","guid":{"rendered":"http:\/\/larv.se\/?page_id=204"},"modified":"2015-12-04T09:39:59","modified_gmt":"2015-12-04T07:39:59","slug":"bredband","status":"publish","type":"page","link":"http:\/\/larv.se\/?page_id=204","title":{"rendered":"Bredband"},"content":{"rendered":"<p>Tv\u00e5 av nio fiberf\u00f6reningar som har startats i Vara kommun ber\u00f6r Larv, L\u00e4ngjum.<\/p>\n<p>Klicka p\u00e5 logotypen eller\u00a0namnet p\u00e5 den fiberf\u00f6rening Du \u00e4r medlem eller geografiskt tillh\u00f6r f\u00f6r att komma vidare till respektive f\u00f6renings hemsida:<\/p>\n<p>&nbsp;<\/p>\n<p><a href=\"http:\/\/www.larvlangjumfiber.se\/\"><img loading=\"lazy\" class=\"alignleft size-full wp-image-411\" src=\"http:\/\/larv.se\/wp-content\/uploads\/2011\/11\/LLFEF_298x65.jpg\" alt=\"\" width=\"298\" height=\"65\" \/><\/a><\/p>\n<p>&nbsp;<\/p>\n<p>&nbsp;<\/p>\n<p>&nbsp;<\/p>\n<p><a href=\"http:\/\/www.vedumsostrafiber.se\/\"><img loading=\"lazy\" class=\"alignleft wp-image-409\" src=\"http:\/\/larv.se\/wp-content\/uploads\/2011\/11\/V\u00d6FEF_logo-300x63.jpg\" alt=\"\" width=\"293\" height=\"75\" \/><\/a><\/p>\n<p>&nbsp;<\/p>\n","protected":false},"excerpt":{"rendered":"<p>Tv\u00e5 av nio fiberf\u00f6reningar som har startats i Vara kommun ber\u00f6r Larv, L\u00e4ngjum. Klicka p\u00e5 logotypen eller\u00a0namnet p\u00e5 den fiberf\u00f6rening Du \u00e4r medlem eller geografiskt tillh\u00f6r f\u00f6r att komma vidare till respektive f\u00f6renings hemsida: &nbsp; &nbsp; &nbsp; &nbsp; &nbsp;<\/p>\n","protected":false},"author":5,"featured_media":0,"parent":6,"menu_order":5,"comment_status":"closed","ping_status":"closed","template":"","meta":[],"_links":{"self":[{"href":"http:\/\/larv.se\/index.php?rest_route=\/wp\/v2\/pages\/204"}],"collection":[{"href":"http:\/\/larv.se\/index.php?rest_route=\/wp\/v2\/pages"}],"about":[{"href":"http:\/\/larv.se\/index.php?rest_route=\/wp\/v2\/types\/page"}],"author":[{"embeddable":true,"href":"http:\/\/larv.se\/index.php?rest_route=\/wp\/v2\/users\/5"}],"replies":[{"embeddable":true,"href":"http:\/\/larv.se\/index.php?rest_route=%2Fwp%2Fv2%2Fcomments&post=204"}],"version-history":[{"count":21,"href":"http:\/\/larv.se\/index.php?rest_route=\/wp\/v2\/pages\/204\/revisions"}],"predecessor-version":[{"id":1302,"href":"http:\/\/larv.se\/index.php?rest_route=\/wp\/v2\/pages\/204\/revisions\/1302"}],"up":[{"embeddable":true,"href":"http:\/\/larv.se\/index.php?rest_route=\/wp\/v2\/pages\/6"}],"wp:attachment":[{"href":"http:\/\/larv.se\/index.php?rest_route=%2Fwp%2Fv2%2Fmedia&parent=204"}],"curies":[{"name":"wp","href":"https:\/\/api.w.org\/{rel}","templated":true}]}}