{"id":2,"date":"2011-03-23T07:44:21","date_gmt":"2011-03-23T07:44:21","guid":{"rendered":"http:\/\/www.larv.se\/?page_id=2"},"modified":"2012-06-04T18:58:50","modified_gmt":"2012-06-04T18:58:50","slug":"upplevelser","status":"publish","type":"page","link":"http:\/\/larv.se\/?page_id=2","title":{"rendered":"Upplevelser"},"content":{"rendered":"<p>Larv \u00e4r en stor socken i Vara kommun. H\u00e4r kan du uppleva fantastiska natur, trevliga g\u00e5rdsbutiker och genuin landsbygd. En plats mellan skogen och sl\u00e4tten. F\u00f6r att l\u00e4sa mer om de olika upplevelserna klicka dig vidare i menyn eller p\u00e5 f\u00f6ljande l\u00e4nkar:<\/p>\n<p>&nbsp;<\/p>\n<ul>\n<li><strong><a href=\"http:\/\/larv.se\/?page_id=11\">Boende<\/a><\/strong><\/li>\n<\/ul>\n<p>&nbsp;<\/p>\n<ul>\n<li><strong><a href=\"http:\/\/larv.se\/?page_id=27\">Naturen kring Larv<\/a><\/strong><\/li>\n<\/ul>\n<p>&nbsp;<\/p>\n","protected":false},"excerpt":{"rendered":"<p>Larv \u00e4r en stor socken i Vara kommun. H\u00e4r kan du uppleva fantastiska natur, trevliga g\u00e5rdsbutiker och genuin landsbygd. En plats mellan skogen och sl\u00e4tten. F\u00f6r att l\u00e4sa mer om de olika upplevelserna klicka dig vidare i menyn eller p\u00e5 f\u00f6ljande l\u00e4nkar: &nbsp; Boende &nbsp; Naturen kring Larv &nbsp;<\/p>\n","protected":false},"author":1,"featured_media":0,"parent":0,"menu_order":0,"comment_status":"open","ping_status":"closed","template":"","meta":[],"_links":{"self":[{"href":"http:\/\/larv.se\/index.php?rest_route=\/wp\/v2\/pages\/2"}],"collection":[{"href":"http:\/\/larv.se\/index.php?rest_route=\/wp\/v2\/pages"}],"about":[{"href":"http:\/\/larv.se\/index.php?rest_route=\/wp\/v2\/types\/page"}],"author":[{"embeddable":true,"href":"http:\/\/larv.se\/index.php?rest_route=\/wp\/v2\/users\/1"}],"replies":[{"embeddable":true,"href":"http:\/\/larv.se\/index.php?rest_route=%2Fwp%2Fv2%2Fcomments&post=2"}],"version-history":[{"count":8,"href":"http:\/\/larv.se\/index.php?rest_route=\/wp\/v2\/pages\/2\/revisions"}],"predecessor-version":[{"id":323,"href":"http:\/\/larv.se\/index.php?rest_route=\/wp\/v2\/pages\/2\/revisions\/323"}],"wp:attachment":[{"href":"http:\/\/larv.se\/index.php?rest_route=%2Fwp%2Fv2%2Fmedia&parent=2"}],"curies":[{"name":"wp","href":"https:\/\/api.w.org\/{rel}","templated":true}]}}