{"id":18,"date":"2011-03-23T07:57:08","date_gmt":"2011-03-23T07:57:08","guid":{"rendered":"http:\/\/www.larv.se\/?page_id=18"},"modified":"2023-09-29T18:38:02","modified_gmt":"2023-09-29T16:38:02","slug":"foreningar","status":"publish","type":"page","link":"http:\/\/larv.se\/?page_id=18","title":{"rendered":"F\u00f6reningar"},"content":{"rendered":"<p><span style=\"vertical-align: inherit;\"><span style=\"vertical-align: inherit;\">I Larv finns det ett starkt f\u00f6reningsliv och engagemang f\u00f6r att h\u00e5lla landsbygden levande. <\/span><span style=\"vertical-align: inherit;\">F\u00f6r f\u00f6reningarna som har en egen hemsida kan du klicka dig vidare till den.<\/span><\/span><\/p>\n<p><span style=\"color: #000080;\"><a href=\"http:\/\/hembygd.larv.se\"><span style=\"color: #000080;\"><span style=\"vertical-align: inherit;\"><span style=\"vertical-align: inherit;\">Hembygdsf\u00f6reningen<\/span><\/span><\/span><\/a><\/span><\/p>\n<p><span style=\"color: #000080;\"><a href=\"http:\/\/www.larvsfk.se\/\"><span style=\"color: #000080;\"><span style=\"vertical-align: inherit;\"><span style=\"vertical-align: inherit;\">Larvs FK<\/span><\/span><\/span><\/a><\/span><\/p>\n<p><span style=\"color: #000080;\"><a href=\"http:\/\/salem.larv.se\"><span style=\"color: #000080;\"><span style=\"vertical-align: inherit;\"><span style=\"vertical-align: inherit;\">Salemsf\u00f6rsamlingen<\/span><\/span><\/span><\/a><\/span><\/p>\n<p><span style=\"color: #000080;\"><a href=\"http:\/\/larv.se\/?page_id=22\"><span style=\"color: #000080;\"><span style=\"vertical-align: inherit;\"><span style=\"vertical-align: inherit;\">Intressef\u00f6reningen<\/span><\/span><\/span><\/a><\/span><\/p>\n<p><span style=\"color: #000080;\"><a href=\"http:\/\/scenvara.nu\/\"><span style=\"color: #000080;\"><span style=\"vertical-align: inherit;\"><span style=\"vertical-align: inherit;\">Scen-Vara<\/span><\/span><\/span><\/a><\/span><\/p>\n<p><span style=\"color: #000080;\"><a href=\"http:\/\/valebergryd.larv.se\"><span style=\"color: #000080;\"><span style=\"vertical-align: inherit;\"><span style=\"vertical-align: inherit;\">Valeberg-Ryds hembygds f\u00f6rening<\/span><\/span><\/span><\/a><\/span><\/p>\n<p><a href=\"http:\/\/varaslattensbredband.se\">Vara Sl\u00e4ttens Bredband Ek.F\u00f6r. Tel: 0512-746630<\/a><\/p>\n<p><a href=\"http:\/\/larvlangjumfiber.se\">Larv L\u00e4ngjum Fiber Ek.F\u00f6r.<\/a><\/p>\n","protected":false},"excerpt":{"rendered":"<p>I Larv finns det ett starkt f\u00f6reningsliv och engagemang f\u00f6r att h\u00e5lla landsbygden levande. F\u00f6r f\u00f6reningarna som har en egen hemsida kan du klicka dig vidare till den. Hembygdsf\u00f6reningen Larvs FK Salemsf\u00f6rsamlingen Intressef\u00f6reningen Scen-Vara Valeberg-Ryds hembygds f\u00f6rening Vara Sl\u00e4ttens Bredband Ek.F\u00f6r. Tel: 0512-746630 Larv L\u00e4ngjum Fiber Ek.F\u00f6r.<\/p>\n","protected":false},"author":1,"featured_media":0,"parent":0,"menu_order":0,"comment_status":"closed","ping_status":"closed","template":"","meta":[],"_links":{"self":[{"href":"http:\/\/larv.se\/index.php?rest_route=\/wp\/v2\/pages\/18"}],"collection":[{"href":"http:\/\/larv.se\/index.php?rest_route=\/wp\/v2\/pages"}],"about":[{"href":"http:\/\/larv.se\/index.php?rest_route=\/wp\/v2\/types\/page"}],"author":[{"embeddable":true,"href":"http:\/\/larv.se\/index.php?rest_route=\/wp\/v2\/users\/1"}],"replies":[{"embeddable":true,"href":"http:\/\/larv.se\/index.php?rest_route=%2Fwp%2Fv2%2Fcomments&post=18"}],"version-history":[{"count":33,"href":"http:\/\/larv.se\/index.php?rest_route=\/wp\/v2\/pages\/18\/revisions"}],"predecessor-version":[{"id":1808,"href":"http:\/\/larv.se\/index.php?rest_route=\/wp\/v2\/pages\/18\/revisions\/1808"}],"wp:attachment":[{"href":"http:\/\/larv.se\/index.php?rest_route=%2Fwp%2Fv2%2Fmedia&parent=18"}],"curies":[{"name":"wp","href":"https:\/\/api.w.org\/{rel}","templated":true}]}}