{"id":16,"date":"2011-03-23T07:56:52","date_gmt":"2011-03-23T07:56:52","guid":{"rendered":"http:\/\/www.larv.se\/?page_id=16"},"modified":"2023-09-29T19:09:45","modified_gmt":"2023-09-29T17:09:45","slug":"foretag","status":"publish","type":"page","link":"http:\/\/larv.se\/?page_id=16","title":{"rendered":"F\u00f6retag"},"content":{"rendered":"<p>Larv \u00e4r en produktiv och innovativ byggd, detta \u00e4r v\u00e5ra f\u00f6retag. Vill du finnas med i listan, kontakta: Rune Frid\u00e9n 0708484341<\/p>\n<p>Anderz i S\u00f6rg\u00e5rden, Gr\u00e4ver, Pressar, S\u00e5dd.\u00a0 Tel: 0706334454<\/p>\n<p>Bengt-\u00c5ke Olsson \u00c5keri, Virkestransporter. Tel: 0703172075<\/p>\n<p>Conny Svensson Volymtransporter. Tel: 0706972061<\/p>\n<p><a href=\"http:\/\/frobanken.se\">Fr\u00f6banken Nordiska AB Tel: 0720443952<\/a><\/p>\n<p>Gidstedt Bygg<\/p>\n<p><span style=\"text-decoration: underline; color: #0000ff;\"><a href=\"http:\/\/hermansbatar.com\"><span style=\"color: #0000ff; text-decoration: underline;\">Hermans B\u00e5tar<\/span><\/a><\/span><\/p>\n<p><span style=\"text-decoration: underline; color: #0000ff;\"><a href=\"http:\/\/www.jultorpranch.se\/\" target=\"_blank\" rel=\"noopener\"><span style=\"color: #0000ff; text-decoration: underline;\">Jultorp Ranch<\/span><\/a><\/span><\/p>\n<p><span style=\"text-decoration: underline;\"><span style=\"color: #0000ff;\"><a style=\"color: #0000ff; text-decoration: underline;\" href=\"https:\/\/www.autoexperten.se\/hitta-butik-eller-verkstad\/larvs-bilverkstad-ab2\/\" target=\"_blank\" rel=\"noopener\">Larvs Bilverkstad AB Tel 0512-42280<\/a><\/span><\/span><\/p>\n<p>Larvs Byggtj\u00e4nst<\/p>\n<p>Larvs Maskintransporter.\u00a0 Tel: 070877635<\/p>\n<p>Lindahl verksamhetsutveckling<\/p>\n<p><a href=\"http:\/\/linochlera.se\">Lin &amp; Lera Byggnadsv\u00e5rd AB<\/a><\/p>\n<p>M G Brinck snickeri<\/p>\n<p>Marita Gustafsson homeopat<\/p>\n<p><span style=\"text-decoration: underline; color: #0000ff;\"><a href=\"http:\/\/www.matmagnus.com\/\" target=\"_blank\" rel=\"noopener\"><span style=\"color: #0000ff; text-decoration: underline;\">Mat Magnus Tel: 0704240781<\/span><\/a><\/span><\/p>\n<p><a href=\"http:\/\/www.onsalaekonomi.se\/\" target=\"_blank\" rel=\"noopener\"><span style=\"text-decoration: underline; color: #0000ff;\"><span style=\"color: #0000ff; text-decoration: underline;\">Onsala Ekonomikonsult<\/span>, Christel Andersson. Tel: 0727413868<\/span><\/a><\/p>\n<p>Peter Bj\u00f6rk, Transporter med lastv\u00e4xlarbil. Tel: 0704383387<\/p>\n<p><span style=\"text-decoration: underline; color: #0000ff;\"><span style=\"text-decoration: underline;\"><a title=\"Klicka h\u00e4r f\u00f6r att komma vidare till facebook\" href=\"https:\/\/www.facebook.com\/PetitLarvsBageri\"><span style=\"color: #0000ff; text-decoration: underline;\">Petit Larvs Pr\u00e4stg\u00e5rdsbageri<\/span><\/a><\/span><\/span><span style=\"color: #000000;\">\u00a0 <\/span><\/p>\n<p><a href=\"http:\/\/sarevision.se\"><span style=\"color: #0000ff; text-decoration: underline;\">S A Revision<\/span><\/a><\/p>\n<p><span style=\"text-decoration: underline; color: #0000ff;\"><span style=\"text-decoration: underline;\"><a title=\"Klicka h\u00e4r f\u00f6r att komma vidare till www.secondhandbutiken.se\" href=\"http:\/\/www.secondhandbutiken.se\/\"><span style=\"color: #0000ff; text-decoration: underline;\">Seconhandbutiken &#8211; Antik och loppis i Larv<\/span><\/a><\/span><\/span><\/p>\n<p><span style=\"text-decoration: underline; color: #0000ff;\"><a href=\"http:\/\/www.sjotorpssateri.com\" target=\"_blank\" rel=\"noopener\"><span style=\"color: #0000ff; text-decoration: underline;\">Sj\u00f6torps S\u00e4teri<\/span><\/a><\/span><\/p>\n<p><span style=\"text-decoration: underline; color: #0000ff;\"><a href=\"http:\/\/strombergsgrus.se\/sv\/\"><span style=\"color: #0000ff; text-decoration: underline;\">Str\u00f6mbergs Grus<\/span><\/a><\/span><\/p>\n<p>Tapetserar Anne<\/p>\n<p><span style=\"text-decoration: underline; color: #0000ff;\"><a href=\"http:\/\/www.valeryd.se\/\" target=\"_blank\" rel=\"noopener\"><span style=\"color: #0000ff; text-decoration: underline;\">Valeryd Sl\u00e4parts<\/span><\/a><\/span><\/p>\n<p><span style=\"text-decoration: underline; color: #0000ff;\"><a href=\"http:\/\/www.wallens.se\"><span style=\"color: #0000ff; text-decoration: underline;\">Wall\u00e9n Bokf\u00f6ring\u00a0<\/span><\/a> Leila F Wall\u00e9n Tel: 0512-42323<\/span><\/p>\n<p>Vedumhallen<\/p>\n<p><a href=\"http:\/\/vagsandelarv.com\">V\u00e4gs \u00c4nde Larv<\/a><\/p>\n","protected":false},"excerpt":{"rendered":"<p>Larv \u00e4r en produktiv och innovativ byggd, detta \u00e4r v\u00e5ra f\u00f6retag. Vill du finnas med i listan, kontakta: Rune Frid\u00e9n 0708484341 Anderz i S\u00f6rg\u00e5rden, Gr\u00e4ver, Pressar, S\u00e5dd.\u00a0 Tel: 0706334454 Bengt-\u00c5ke Olsson \u00c5keri, Virkestransporter. Tel: 0703172075 Conny Svensson Volymtransporter. Tel: 0706972061 Fr\u00f6banken Nordiska AB Tel: 0720443952 Gidstedt Bygg Hermans B\u00e5tar Jultorp Ranch Larvs Bilverkstad AB Tel [&hellip;]<\/p>\n","protected":false},"author":1,"featured_media":0,"parent":0,"menu_order":0,"comment_status":"open","ping_status":"open","template":"","meta":[],"_links":{"self":[{"href":"http:\/\/larv.se\/index.php?rest_route=\/wp\/v2\/pages\/16"}],"collection":[{"href":"http:\/\/larv.se\/index.php?rest_route=\/wp\/v2\/pages"}],"about":[{"href":"http:\/\/larv.se\/index.php?rest_route=\/wp\/v2\/types\/page"}],"author":[{"embeddable":true,"href":"http:\/\/larv.se\/index.php?rest_route=\/wp\/v2\/users\/1"}],"replies":[{"embeddable":true,"href":"http:\/\/larv.se\/index.php?rest_route=%2Fwp%2Fv2%2Fcomments&post=16"}],"version-history":[{"count":45,"href":"http:\/\/larv.se\/index.php?rest_route=\/wp\/v2\/pages\/16\/revisions"}],"predecessor-version":[{"id":1809,"href":"http:\/\/larv.se\/index.php?rest_route=\/wp\/v2\/pages\/16\/revisions\/1809"}],"wp:attachment":[{"href":"http:\/\/larv.se\/index.php?rest_route=%2Fwp%2Fv2%2Fmedia&parent=16"}],"curies":[{"name":"wp","href":"https:\/\/api.w.org\/{rel}","templated":true}]}}