{"id":11,"date":"2011-03-23T07:55:28","date_gmt":"2011-03-23T07:55:28","guid":{"rendered":"http:\/\/www.larv.se\/?page_id=11"},"modified":"2012-01-25T20:51:19","modified_gmt":"2012-01-25T20:51:19","slug":"boende","status":"publish","type":"page","link":"http:\/\/larv.se\/?page_id=11","title":{"rendered":"Boende"},"content":{"rendered":"<p><strong>Stugor att hyra p\u00e5 Sj\u00f6torpss\u00e4teri.<\/strong><\/p>\n<p>P\u00e5 natursk\u00f6nt omr\u00e5de n\u00e4ra hjorth\u00e4gn och fiskedammar st\u00e5r 6 st fullt utrustade stugor. Stugorna \u00e4r p\u00e5 ca 40 kvm vardera med fullt utrustat k\u00f6k, sovrum, allrum med TV och kaklat badrum med dusch och toalett. Husdjur v\u00e4lkomna till fyra av v\u00e5ra stugor.<br \/>\nFiskeutrustning finns att hyra. Det \u00e4r bara att pr\u00f6va lyckan i n\u00e5gon av v\u00e5ra fem fiskrika dammar eller \u00e5n Lidan.<\/p>\n<p>F\u00f6r bokning och \u00f6vriga upplysningar kan ni ringa 0708-870179 eller 0708-339354.<\/p>\n<p>Eller bes\u00f6k deras webbsida <a href=\"http:\/\/www.sjotorpssateri.se\/\">http:\/\/www.sjotorpssateri.se\/<\/a><\/p>\n","protected":false},"excerpt":{"rendered":"<p>Stugor att hyra p\u00e5 Sj\u00f6torpss\u00e4teri. P\u00e5 natursk\u00f6nt omr\u00e5de n\u00e4ra hjorth\u00e4gn och fiskedammar st\u00e5r 6 st fullt utrustade stugor. Stugorna \u00e4r p\u00e5 ca 40 kvm vardera med fullt utrustat k\u00f6k, sovrum, allrum med TV och kaklat badrum med dusch och toalett. Husdjur v\u00e4lkomna till fyra av v\u00e5ra stugor. Fiskeutrustning finns att hyra. Det \u00e4r bara att [&hellip;]<\/p>\n","protected":false},"author":1,"featured_media":0,"parent":2,"menu_order":0,"comment_status":"closed","ping_status":"closed","template":"","meta":[],"_links":{"self":[{"href":"http:\/\/larv.se\/index.php?rest_route=\/wp\/v2\/pages\/11"}],"collection":[{"href":"http:\/\/larv.se\/index.php?rest_route=\/wp\/v2\/pages"}],"about":[{"href":"http:\/\/larv.se\/index.php?rest_route=\/wp\/v2\/types\/page"}],"author":[{"embeddable":true,"href":"http:\/\/larv.se\/index.php?rest_route=\/wp\/v2\/users\/1"}],"replies":[{"embeddable":true,"href":"http:\/\/larv.se\/index.php?rest_route=%2Fwp%2Fv2%2Fcomments&post=11"}],"version-history":[{"count":10,"href":"http:\/\/larv.se\/index.php?rest_route=\/wp\/v2\/pages\/11\/revisions"}],"predecessor-version":[{"id":52,"href":"http:\/\/larv.se\/index.php?rest_route=\/wp\/v2\/pages\/11\/revisions\/52"}],"up":[{"embeddable":true,"href":"http:\/\/larv.se\/index.php?rest_route=\/wp\/v2\/pages\/2"}],"wp:attachment":[{"href":"http:\/\/larv.se\/index.php?rest_route=%2Fwp%2Fv2%2Fmedia&parent=11"}],"curies":[{"name":"wp","href":"https:\/\/api.w.org\/{rel}","templated":true}]}}